{"id":5771,"date":"2024-04-08T14:35:22","date_gmt":"2024-04-08T12:35:22","guid":{"rendered":"https:\/\/solocean.energy\/data-protection\/"},"modified":"2024-08-20T14:50:46","modified_gmt":"2024-08-20T12:50:46","slug":"datenschutz","status":"publish","type":"page","link":"https:\/\/solocean.energy\/de\/datenschutz\/","title":{"rendered":"Datenschutz"},"content":{"rendered":"<section class=\"wpb-content-wrapper\">[vc_row thb_full_width=&#8220;true&#8220; css=&#8220;.vc_custom_1721055183030{margin-top: -102px !important;padding-top: 50px !important;padding-bottom: 50px !important;background-color: #00274a !important;}&#8220;][vc_column][\/vc_column][\/vc_row][vc_row css=&#8220;.vc_custom_1712829449364{margin-top: 50px !important;}&#8220;][vc_column][vc_column_text]\n<h1><span style=\"color: #00274a;\">DATENSCHUTZERKL\u00c4RUNG<\/span><\/h1>\n[\/vc_column_text][vc_column_text]Der Schutz Ihrer pers\u00f6nlichen Daten ist uns wichtig. Wir haben technische und organisatorische Ma\u00dfnahmen getroffen, um sicherzustellen, dass die Datenschutzvorschriften sowohl von uns als auch von externen Dienstleistern (Auftragsverarbeitern) eingehalten werden. Als verantwortliche Stelle ergreifen wir alle gesetzlich erforderlichen Ma\u00dfnahmen zum Schutz Ihrer pers\u00f6nlichen Daten. Bei Fragen zu dieser Datenschutzrichtlinie wenden Sie sich bitte an:<\/p>\n<p>SolOcean GmbH \u00d6sterreich<br \/>\nGesch\u00e4ftsf\u00fchrer: Marcus Ramsauer<br \/>\nCTO: Jay Joubert<br \/>\nVorarlberger Allee 38 A &#8211; 1230 Wien<br \/>\nTel. +43 1 614 74 &#8211; 304<br \/>\nMobil +43 664 606 14 304<br \/>\nFax +43 1 614 74 &#8211; 100<br \/>\nE-Mail: <a rel=\"noopener\">marcus.ramsauer@tele-haase.at<\/a><\/p>\n<p><a href=\"http:\/\/www.solocean.energy\" target=\"_new\" rel=\"noopener\">www.solocean.energy<\/a><\/p>\n<p><strong>Geltungsbereich dieser Datenschutzrichtlinie<\/strong><\/p>\n<p>Diese Datenschutzerkl\u00e4rung betrifft die personenbezogenen Daten von Interessenten und Kunden, die nat\u00fcrliche Personen sind, sowie alle anderen nat\u00fcrlichen Personen, die mit uns in Kontakt stehen, z.B. Vertreter oder Mitarbeiter von juristischen Personen, aber auch Besucher unserer Website und Personen, die sich beispielsweise f\u00fcr unseren Newsletter anmelden.<\/p>\n<p><strong>Datenverarbeitung<\/strong><\/p>\n<p>Personenbezogene Daten sind Informationen \u00fcber Ihre Identit\u00e4t. Dazu geh\u00f6ren beispielsweise Informationen wie Ihr Name, Ihre Adresse, Telefonnummer oder E-Mail-Adresse. Die Datenverarbeitung erfolgt zur Erf\u00fcllung des Vertrages und zur Erf\u00fcllung gesetzlicher Verpflichtungen. Wir verarbeiten Daten von Interessenten, um unsere berechtigten Interessen zu wahren oder um einen Vertrag vorzubereiten. Verarbeitung von Daten beim Besuch unserer Website: Im Allgemeinen k\u00f6nnen Sie unsere Homepage besuchen, ohne personenbezogene Daten zu hinterlassen, z.B. wenn Sie sich nur \u00fcber uns informieren und die relevanten Seiten aufrufen. Der Zugriff auf unsere Homepage und jeder Abruf einer auf der Homepage gespeicherten Datei werden protokolliert und maximal 7 Tage gespeichert. Die Speicherung dient internen systembezogenen und statistischen Zwecken. Folgendes wird protokolliert: Name der abgerufenen Datei, Datum und Uhrzeit des Abrufs, Datenmenge, Meldung des erfolgreichen Abrufs, Webbrowser und anfordernde Domain. Es werden jedoch keine personenbezogenen Daten von Ihnen \u00fcbermittelt, da die IP-Adressen der Besucher nur in verk\u00fcrzter (anonymisierter) Form erfasst werden. Weitere Datenverarbeitung: In bestimmten F\u00e4llen ben\u00f6tigen wir zus\u00e4tzliche Informationen wie Ihren Namen und Ihre Adresse, um Ihre Anfrage zu bearbeiten oder eine angeforderte Dienstleistung zu erbringen. Diese zus\u00e4tzlichen personenbezogenen Daten werden nur erfasst und gespeichert, wenn Sie diese Informationen freiwillig bereitstellen, z.B. im Rahmen einer Anfrage oder Registrierung. Verarbeitung durch Dienstleister: Wir arbeiten auch mit anderen Unternehmen zusammen, darunter Hosting-Dienstleister (Internet, E-Mail) und Telefonanbieter.<\/p>\n<p><strong>Cookies<\/strong><\/p>\n<p>Beim Besuch unserer Website speichern wir Informationen auf Ihrem Computer in Form von Cookies. Cookies sind kleine Textdateien, die von einem Webserver an Ihren Browser gesendet und auf der Festplatte Ihres Computers gespeichert werden. Diese Cookies sind Sitzungs-Cookies, die nur bis zum Ende Ihrer Sitzung g\u00fcltig sind. Wir verwenden diese Cookies, um das Besucherverhalten auf unserer Website mit Google Analytics zu analysieren. Wir haben sichergestellt, dass die IP unserer Besucher gek\u00fcrzt und damit anonymisiert wird. Nat\u00fcrlich k\u00f6nnen Sie unsere Website auch ohne Cookies ansehen. Sie k\u00f6nnen die Speicherung von Cookies jederzeit verhindern, indem Sie in Ihren Browsereinstellungen &#8222;Cookies nicht akzeptieren&#8220; ausw\u00e4hlen. Bitte beachten Sie die Anweisungen des Browser-Herstellers, um herauszufinden, wie dies im Detail funktioniert.<\/p>\n<p><strong>Google reCaptcha<\/strong><\/p>\n<p>Wir verwenden den Google reCaptcha-Dienst, um zu \u00fcberpr\u00fcfen, ob eine bestimmte Eingabe in unserem Kontakt- oder Newsletter-Formular von einem Menschen oder einem Computer vorgenommen wird. Google verwendet folgende Daten, um zu \u00fcberpr\u00fcfen, ob Sie ein Mensch oder ein Computer sind: IP-Adresse des verwendeten Endger\u00e4ts, die Website, die Sie auf unserer Seite besuchen und auf der das Captcha integriert ist, Datum und Dauer des Besuchs, Identifikationsdaten des verwendeten Browsers und Betriebssystemtyps, Google-Konto, falls Sie bei Google angemeldet sind, Mausbewegungen im reCaptcha-Bereich und Aufgaben, bei denen Sie Bilder identifizieren m\u00fcssen. Die rechtliche Grundlage f\u00fcr die beschriebene Datenverarbeitung ist Art. 6 Abs. 1 lit. f DSGVO. Wir haben ein berechtigtes Interesse an dieser Datenverarbeitung, um die Sicherheit unserer Website zu gew\u00e4hrleisten und uns vor automatisierten Eingaben (Angriffen) zu sch\u00fctzen.<\/p>\n<p><strong>SSL-Verschl\u00fcsselung<\/strong><\/p>\n<p>Unsere Website verwendet SSL-Verschl\u00fcsselung bei der \u00dcbertragung vertraulicher oder pers\u00f6nlicher Inhalte unserer Nutzer. Diese Verschl\u00fcsselung wird z.B. bei der Verarbeitung von Zahlungsverkehr und bei Anfragen aktiviert, die Sie \u00fcber unsere Website an uns senden. Bitte stellen Sie sicher, dass SSL-Verschl\u00fcsselung auch auf Ihrer Seite f\u00fcr entsprechende Aktivit\u00e4ten aktiviert ist. Die Nutzung der Verschl\u00fcsselung ist leicht zu erkennen: Die Anzeige in Ihrer Browserzeile \u00e4ndert sich von &#8222;http:\/\/&#8220; zu &#8222;https:\/\/&#8220;. Daten, die \u00fcber SSL verschl\u00fcsselt sind, k\u00f6nnen von Dritten nicht gelesen werden. \u00dcbermitteln Sie vertrauliche Informationen nur, wenn SSL-Verschl\u00fcsselung aktiviert ist und kontaktieren Sie uns im Zweifelsfall.<\/p>\n<p><strong>Links<\/strong><\/p>\n<p>Diese Datenschutzrichtlinie gilt nur f\u00fcr den Inhalt unserer Website, nicht jedoch f\u00fcr Websites, die \u00fcber externe Links erreicht werden k\u00f6nnen. Wenn wir Links anbieten, bem\u00fchen wir uns sicherzustellen, dass diese ebenfalls unseren Datenschutz- und Sicherheitsstandards entsprechen. Wir haben jedoch keinen Einfluss auf die Einhaltung von Datenschutz- und Sicherheitsvorschriften durch andere Anbieter. Bitte informieren Sie sich daher auch auf den Websites der anderen Anbieter \u00fcber die dort bereitgestellten Datenschutzbestimmungen.<\/p>\n<p><strong>Recht auf Best\u00e4tigung<\/strong><\/p>\n<p>Jede betroffene Person kann die Best\u00e4tigung anfordern, ob personenbezogene Daten, die sie betreffen, verarbeitet werden.<\/p>\n<p><strong>Speicherung, L\u00f6schung<\/strong><\/p>\n<p>Gespeicherte personenbezogene Daten werden in der Regel nach Ablauf der gesetzlichen Aufbewahrungsfristen gel\u00f6scht. Gespeicherte personenbezogene Daten werden auch gel\u00f6scht, wenn Sie Ihre Einwilligung zur Speicherung widerrufen und keine andere rechtliche Grundlage besteht, wenn die Kenntnis der Daten zur Erf\u00fcllung des Zwecks, f\u00fcr den sie gespeichert wurden, nicht mehr erforderlich ist oder wenn ihre Speicherung aus anderen rechtlichen Gr\u00fcnden unzul\u00e4ssig ist, es sei denn, gesetzliche Aufbewahrungspflichten verhindern die L\u00f6schung, in diesem Fall wird die Verarbeitung eingeschr\u00e4nkt (gesperrt) statt gel\u00f6scht. Gespeicherte personenbezogene Daten werden auch gel\u00f6scht, wenn Ihre personenbezogenen Daten rechtswidrig verarbeitet wurden oder gel\u00f6scht werden m\u00fcssen, um gesetzlichen Anforderungen zu entsprechen. Falls eine L\u00f6schung nicht m\u00f6glich oder nur mit unverh\u00e4ltnism\u00e4\u00dfigem Aufwand m\u00f6glich ist, wird die Verarbeitung statt gel\u00f6scht eingeschr\u00e4nkt.<\/p>\n<p><strong>Zugang, Auskunft und Berichtigung<\/strong><\/p>\n<p>Sie k\u00f6nnen Auskunft \u00fcber Ihre personenbezogenen Daten, die von uns verarbeitet werden, verlangen. Auf schriftliche Anfrage informieren wir Sie gerne \u00fcber die zu Ihrer Person gespeicherten personenbezogenen Daten. Wir k\u00f6nnen keine vollst\u00e4ndige Datensicherheit bei der Kommunikation per E-Mail gew\u00e4hrleisten, daher empfehlen wir Ihnen, vertrauliche Informationen per De-Mail oder Post zu \u00fcbermitteln. Wenn Ihre Angaben nicht (mehr) korrekt sind, k\u00f6nnen Sie eine Korrektur verlangen. Wenn Ihre Daten unvollst\u00e4ndig sind, k\u00f6nnen Sie deren Vervollst\u00e4ndigung verlangen. Falls wir Ihre Daten an Dritte weitergegeben haben, werden wir diese Dritten \u00fcber Ihre Korrektur informieren \u2013 sofern dies gesetzlich erforderlich ist.<\/p>\n<p><strong>Einschr\u00e4nkung der Verarbeitung personenbezogener Daten<\/strong><\/p>\n<p>Sie haben das Recht, die Einschr\u00e4nkung (Sperrung) der Verarbeitung Ihrer personenbezogenen Daten aus einem der folgenden Gr\u00fcnde zu verlangen:<\/p>\n<ul>\n<li>Wenn die Richtigkeit Ihrer personenbezogenen Daten von Ihnen bestritten wird und wir die M\u00f6glichkeit hatten, die Richtigkeit zu \u00fcberpr\u00fcfen.<\/li>\n<li>Wenn die Verarbeitung rechtswidrig ist und Sie statt der L\u00f6schung die Einschr\u00e4nkung der Nutzung verlangen.<\/li>\n<li>Wenn wir Ihre Daten f\u00fcr die Verarbeitungszwecke nicht mehr ben\u00f6tigen, Sie diese jedoch zur Geltendmachung, Aus\u00fcbung oder Verteidigung von Rechtsanspr\u00fcchen ben\u00f6tigen.<\/li>\n<li>Wenn Sie Widerspruch eingelegt haben, solange noch nicht gekl\u00e4rt ist, ob Ihre Interessen \u00fcberwiegen.<\/li>\n<\/ul>\n<p><strong>Recht auf Daten\u00fcbertragbarkeit<\/strong><\/p>\n<p>Sie haben das Recht, personenbezogene Daten, die Sie uns bereitgestellt haben, in einem \u00fcbertragbaren Format zu erhalten.<\/p>\n<p><strong>Recht auf Widerspruch, Kontaktm\u00f6glichkeiten, Beschwerde<\/strong><\/p>\n<p>Sie k\u00f6nnen Ihre Einwilligung zur Erhebung und Speicherung Ihrer personenbezogenen Daten durch uns jederzeit widerrufen. Bei Fragen zu unserem Datenschutz oder Anfragen zur Berichtigung oder L\u00f6schung Ihrer Daten k\u00f6nnen Sie uns auch per E-Mail oder Post kontaktieren. Sie sind auch berechtigt, eine Beschwerde bei der zust\u00e4ndigen Datenschutzaufsichtsbeh\u00f6rde einzureichen.<\/p>\n<p><strong>Widerrufsrecht nach Datenschutzrecht<\/strong><\/p>\n<p>Jede betroffene Person hat das Recht, ihre Einwilligung zur Verarbeitung personenbezogener Daten jederzeit zu widerrufen.[\/vc_column_text][\/vc_column][\/vc_row]\n<\/section>","protected":false},"excerpt":{"rendered":"<p>[vc_row thb_full_width=&#8220;true&#8220; css=&#8220;.vc_custom_1721055183030{margin-top: -102px !important;padding-top: 50px !important;padding-bottom: 50px !important;background-color: #00274a !important;}&#8220;][vc_column][\/vc_column][\/vc_row][vc_row css=&#8220;.vc_custom_1712829449364{margin-top: 50px !important;}&#8220;][vc_column][vc_column_text] DATENSCHUTZERKL\u00c4RUNG [\/vc_column_text][vc_column_text]Der Schutz Ihrer pers\u00f6nlichen Daten ist uns wichtig. Wir haben technische und organisatorische Ma\u00dfnahmen getroffen, um sicherzustellen, dass die Datenschutzvorschriften sowohl von uns als auch von externen Dienstleistern (Auftragsverarbeitern) eingehalten werden. Als verantwortliche Stelle ergreifen wir alle gesetzlich erforderlichen Ma\u00dfnahmen&hellip;<\/p>\n","protected":false},"author":1,"featured_media":0,"parent":0,"menu_order":0,"comment_status":"closed","ping_status":"closed","template":"","meta":{"footnotes":""},"class_list":["post-5771","page","type-page","status-publish","hentry"],"yoast_head":"<!-- This site is optimized with the Yoast SEO plugin v22.4 - https:\/\/yoast.com\/wordpress\/plugins\/seo\/ -->\n<title>Datenschutz - SolOcean<\/title>\n<meta name=\"robots\" content=\"index, follow, max-snippet:-1, max-image-preview:large, max-video-preview:-1\" \/>\n<link rel=\"canonical\" href=\"https:\/\/solocean.energy\/de\/datenschutz\/\" \/>\n<meta property=\"og:locale\" content=\"de_DE\" \/>\n<meta property=\"og:type\" content=\"article\" \/>\n<meta property=\"og:title\" content=\"Datenschutz - SolOcean\" \/>\n<meta property=\"og:description\" content=\"[vc_row thb_full_width=&#8220;true&#8220; css=&#8220;.vc_custom_1721055183030{margin-top: -102px !important;padding-top: 50px !important;padding-bottom: 50px !important;background-color: #00274a !important;}&#8220;][vc_column][\/vc_column][\/vc_row][vc_row css=&#8220;.vc_custom_1712829449364{margin-top: 50px !important;}&#8220;][vc_column][vc_column_text] DATENSCHUTZERKL\u00c4RUNG [\/vc_column_text][vc_column_text]Der Schutz Ihrer pers\u00f6nlichen Daten ist uns wichtig. Wir haben technische und organisatorische Ma\u00dfnahmen getroffen, um sicherzustellen, dass die Datenschutzvorschriften sowohl von uns als auch von externen Dienstleistern (Auftragsverarbeitern) eingehalten werden. Als verantwortliche Stelle ergreifen wir alle gesetzlich erforderlichen Ma\u00dfnahmen&hellip;\" \/>\n<meta property=\"og:url\" content=\"https:\/\/solocean.energy\/de\/datenschutz\/\" \/>\n<meta property=\"og:site_name\" content=\"SolOcean\" \/>\n<meta property=\"article:modified_time\" content=\"2024-08-20T12:50:46+00:00\" \/>\n<meta name=\"twitter:card\" content=\"summary_large_image\" \/>\n<meta name=\"twitter:label1\" content=\"Gesch\u00e4tzte Lesezeit\" \/>\n\t<meta name=\"twitter:data1\" content=\"7\u00a0Minuten\" \/>\n<script type=\"application\/ld+json\" class=\"yoast-schema-graph\">{\"@context\":\"https:\/\/schema.org\",\"@graph\":[{\"@type\":\"WebPage\",\"@id\":\"https:\/\/solocean.energy\/de\/datenschutz\/\",\"url\":\"https:\/\/solocean.energy\/de\/datenschutz\/\",\"name\":\"Datenschutz - SolOcean\",\"isPartOf\":{\"@id\":\"https:\/\/solocean.energy\/#website\"},\"datePublished\":\"2024-04-08T12:35:22+00:00\",\"dateModified\":\"2024-08-20T12:50:46+00:00\",\"breadcrumb\":{\"@id\":\"https:\/\/solocean.energy\/de\/datenschutz\/#breadcrumb\"},\"inLanguage\":\"de\",\"potentialAction\":[{\"@type\":\"ReadAction\",\"target\":[\"https:\/\/solocean.energy\/de\/datenschutz\/\"]}]},{\"@type\":\"BreadcrumbList\",\"@id\":\"https:\/\/solocean.energy\/de\/datenschutz\/#breadcrumb\",\"itemListElement\":[{\"@type\":\"ListItem\",\"position\":1,\"name\":\"Startseite\",\"item\":\"https:\/\/solocean.energy\/de\/\"},{\"@type\":\"ListItem\",\"position\":2,\"name\":\"Datenschutz\"}]},{\"@type\":\"WebSite\",\"@id\":\"https:\/\/solocean.energy\/#website\",\"url\":\"https:\/\/solocean.energy\/\",\"name\":\"SolOcean\",\"description\":\"\",\"publisher\":{\"@id\":\"https:\/\/solocean.energy\/#organization\"},\"potentialAction\":[{\"@type\":\"SearchAction\",\"target\":{\"@type\":\"EntryPoint\",\"urlTemplate\":\"https:\/\/solocean.energy\/?s={search_term_string}\"},\"query-input\":\"required name=search_term_string\"}],\"inLanguage\":\"de\"},{\"@type\":\"Organization\",\"@id\":\"https:\/\/solocean.energy\/#organization\",\"name\":\"SolOcean\",\"url\":\"https:\/\/solocean.energy\/\",\"logo\":{\"@type\":\"ImageObject\",\"inLanguage\":\"de\",\"@id\":\"https:\/\/solocean.energy\/#\/schema\/logo\/image\/\",\"url\":\"https:\/\/solocean.energy\/wp-content\/uploads\/2020\/12\/web-agency-logo-3.png\",\"contentUrl\":\"https:\/\/solocean.energy\/wp-content\/uploads\/2020\/12\/web-agency-logo-3.png\",\"width\":200,\"height\":200,\"caption\":\"SolOcean\"},\"image\":{\"@id\":\"https:\/\/solocean.energy\/#\/schema\/logo\/image\/\"}}]}<\/script>\n<!-- \/ Yoast SEO plugin. -->","yoast_head_json":{"title":"Datenschutz - SolOcean","robots":{"index":"index","follow":"follow","max-snippet":"max-snippet:-1","max-image-preview":"max-image-preview:large","max-video-preview":"max-video-preview:-1"},"canonical":"https:\/\/solocean.energy\/de\/datenschutz\/","og_locale":"de_DE","og_type":"article","og_title":"Datenschutz - SolOcean","og_description":"[vc_row thb_full_width=&#8220;true&#8220; css=&#8220;.vc_custom_1721055183030{margin-top: -102px !important;padding-top: 50px !important;padding-bottom: 50px !important;background-color: #00274a !important;}&#8220;][vc_column][\/vc_column][\/vc_row][vc_row css=&#8220;.vc_custom_1712829449364{margin-top: 50px !important;}&#8220;][vc_column][vc_column_text] DATENSCHUTZERKL\u00c4RUNG [\/vc_column_text][vc_column_text]Der Schutz Ihrer pers\u00f6nlichen Daten ist uns wichtig. Wir haben technische und organisatorische Ma\u00dfnahmen getroffen, um sicherzustellen, dass die Datenschutzvorschriften sowohl von uns als auch von externen Dienstleistern (Auftragsverarbeitern) eingehalten werden. Als verantwortliche Stelle ergreifen wir alle gesetzlich erforderlichen Ma\u00dfnahmen&hellip;","og_url":"https:\/\/solocean.energy\/de\/datenschutz\/","og_site_name":"SolOcean","article_modified_time":"2024-08-20T12:50:46+00:00","twitter_card":"summary_large_image","twitter_misc":{"Gesch\u00e4tzte Lesezeit":"7\u00a0Minuten"},"schema":{"@context":"https:\/\/schema.org","@graph":[{"@type":"WebPage","@id":"https:\/\/solocean.energy\/de\/datenschutz\/","url":"https:\/\/solocean.energy\/de\/datenschutz\/","name":"Datenschutz - SolOcean","isPartOf":{"@id":"https:\/\/solocean.energy\/#website"},"datePublished":"2024-04-08T12:35:22+00:00","dateModified":"2024-08-20T12:50:46+00:00","breadcrumb":{"@id":"https:\/\/solocean.energy\/de\/datenschutz\/#breadcrumb"},"inLanguage":"de","potentialAction":[{"@type":"ReadAction","target":["https:\/\/solocean.energy\/de\/datenschutz\/"]}]},{"@type":"BreadcrumbList","@id":"https:\/\/solocean.energy\/de\/datenschutz\/#breadcrumb","itemListElement":[{"@type":"ListItem","position":1,"name":"Startseite","item":"https:\/\/solocean.energy\/de\/"},{"@type":"ListItem","position":2,"name":"Datenschutz"}]},{"@type":"WebSite","@id":"https:\/\/solocean.energy\/#website","url":"https:\/\/solocean.energy\/","name":"SolOcean","description":"","publisher":{"@id":"https:\/\/solocean.energy\/#organization"},"potentialAction":[{"@type":"SearchAction","target":{"@type":"EntryPoint","urlTemplate":"https:\/\/solocean.energy\/?s={search_term_string}"},"query-input":"required name=search_term_string"}],"inLanguage":"de"},{"@type":"Organization","@id":"https:\/\/solocean.energy\/#organization","name":"SolOcean","url":"https:\/\/solocean.energy\/","logo":{"@type":"ImageObject","inLanguage":"de","@id":"https:\/\/solocean.energy\/#\/schema\/logo\/image\/","url":"https:\/\/solocean.energy\/wp-content\/uploads\/2020\/12\/web-agency-logo-3.png","contentUrl":"https:\/\/solocean.energy\/wp-content\/uploads\/2020\/12\/web-agency-logo-3.png","width":200,"height":200,"caption":"SolOcean"},"image":{"@id":"https:\/\/solocean.energy\/#\/schema\/logo\/image\/"}}]}},"_links":{"self":[{"href":"https:\/\/solocean.energy\/de\/wp-json\/wp\/v2\/pages\/5771","targetHints":{"allow":["GET"]}}],"collection":[{"href":"https:\/\/solocean.energy\/de\/wp-json\/wp\/v2\/pages"}],"about":[{"href":"https:\/\/solocean.energy\/de\/wp-json\/wp\/v2\/types\/page"}],"author":[{"embeddable":true,"href":"https:\/\/solocean.energy\/de\/wp-json\/wp\/v2\/users\/1"}],"replies":[{"embeddable":true,"href":"https:\/\/solocean.energy\/de\/wp-json\/wp\/v2\/comments?post=5771"}],"version-history":[{"count":2,"href":"https:\/\/solocean.energy\/de\/wp-json\/wp\/v2\/pages\/5771\/revisions"}],"predecessor-version":[{"id":5773,"href":"https:\/\/solocean.energy\/de\/wp-json\/wp\/v2\/pages\/5771\/revisions\/5773"}],"wp:attachment":[{"href":"https:\/\/solocean.energy\/de\/wp-json\/wp\/v2\/media?parent=5771"}],"curies":[{"name":"wp","href":"https:\/\/api.w.org\/{rel}","templated":true}]}}